{"id":828,"date":"2025-07-28T13:04:53","date_gmt":"2025-07-28T11:04:53","guid":{"rendered":"http:\/\/r25.herdsoft\/cms\/?page_id=828"},"modified":"2025-07-28T13:04:53","modified_gmt":"2025-07-28T11:04:53","slug":"software-beratung","status":"publish","type":"page","link":"http:\/\/r25.herdsoft\/cms\/software-beratung\/","title":{"rendered":"Software Beratung"},"content":{"rendered":"\n<h2 class=\"wp-block-heading\">Open Source Software<\/h2>\n\n\n\n<p>Bei der Software-Entwicklung kommt heute in der Regel auch <a href=\"https:\/\/de.wikipedia.org\/wiki\/Open_Source\">Open Source <\/a>Software-Komponenten zum Einsatz, auch unter Windows und MacOS. Das sind Software-Bausteine, die die Entwickler mit Quellcode zur Verf\u00fcgung stellen. H\u00e4ufig kostenlos, aber daher auch ohne Gew\u00e4hrleistung. Dabei sind Lizenzbedingungen zu beachten und jemand muss die Anpassung und Pflege \u00fcbernehmen.<\/p>\n\n\n\n<p>Es ist also \u00fcblich, dass ich Open Source Komponenten auf dem Quellcode in ausf\u00fchrbare Programme compiliere und ggf. auftretende Probleme behebe.<\/p>\n\n\n\n<p>Open Source Software hat sich als Grundbaustein von Software als nachhaltiger erwiesen als <a href=\"https:\/\/de.wikipedia.org\/wiki\/Propriet%C3%A4re_Software\">propriet\u00e4re Software<\/a>, deren Pflege h\u00e4ufig nicht langfristig sichergestellt ist.<\/p>\n\n\n\n<h2 class=\"wp-block-heading\">Cross-Compilierung<\/h2>\n\n\n\n<p>Moderne Software ist dabei so umfangreich, dass es praktisch unm\u00f6glich ist, sie vor dem Einsatz vollst\u00e4ndig zu lesen und zu untersuchen und ggf. Sicherheits-Updates einzuspielen. F\u00fcr Open-Source Software gibt es daher Repositories, die von tausenden von Menschen gemeinschaftlich gepflegt werden.<\/p>\n\n\n\n<p>Wenn m\u00f6glich versuche ich daher, Open Source Software nicht von einem unbekannten Programmierer, sondern im Quellcode von <a href=\"https:\/\/www.debian.org\/\">Debian<\/a> zu beziehen und dann durch Cross-Compilierung auf die Zielplattform (meistens Windows) verf\u00fcgbar zu machen. Das Debian-Projekt k\u00fcmmert sich somit auch darum, bekennt werdende Sicherheitsprobleme in Quellcode zu l\u00f6sen und dann kann ich durch erneute Cross-Compilierung diese L\u00f6sung f\u00fcr meine Kunden verf\u00fcgbar machen.<\/p>\n\n\n\n<h2 class=\"wp-block-heading\">Wartung von Open Source Software<\/h2>\n\n\n\n<p>Die Potentiale von Open Source Software f\u00fcr Firmen werden h\u00e4ufig nicht ausgesch\u00f6pft. Dadurch machen sich Firmen mehr als notwendig von einzelnen Herstellern abh\u00e4ngig, die diese Abh\u00e4ngigkeit zunehmend ausnutzen um Datenschutz zu unterlaufen und unverh\u00e4ltnism\u00e4\u00dfige Kosten zu etablieren.<\/p>\n\n\n\n<p>Bei Open Source haben Firmen oft Bedenken, dass der Hersteller keine Verantwortung f\u00fcr Wartung und Pflege \u00fcbernimmt. Dabei gibt es tausende von Software-Entwicklern, die eine solche Software pflegen k\u00f6nnen, wenn man ihnen den Auftrag dazu erteilt. Ich bin einer davon.<\/p>\n\n\n\n<p>Statt also den Kauf von Lizenzen mit den Kosten f\u00fcr die Pflege zu vermischen, k\u00f6nnen Firmen die Pflege direkt beauftragen. Bei Ihrem Rechtsanwalt w\u00fcrden Sie ja auch kein Gesetzespaket kaufen.<\/p>\n\n\n\n<h2 class=\"wp-block-heading\">Linux<\/h2>\n\n\n\n<figure class=\"wp-block-image size-full\"><img loading=\"lazy\" decoding=\"async\" width=\"216\" height=\"256\" src=\"http:\/\/r25.herdsoft\/cms\/wp-content\/uploads\/2025\/07\/tux.png\" alt=\"Linux Tux Mascot\" class=\"wp-image-883\"\/><figcaption class=\"wp-element-caption\">lewing@isc.tamu.edu Larry Ewing and The GIMP, CC0, via Wikimedia Commons<\/figcaption><\/figure>\n\n\n\n<p>Open Source ist nicht immer Linux. Man kann Open Source Software auch unter geschlossenen Betriebssystemen wie Windows einsetzen.<\/p>\n\n\n\n<p>Aber in vielen F\u00e4llen lohnt sich der \u00dcbergang zu Linux als Betriebssystem.  Wenn Sie dazu Beratung w\u00fcnschen, kann ich Sie gerne unterst\u00fctzen.<\/p>\n\n\n\n<p>Ich betreibe meine firmeninterne Software seit 2001 unter Linux.<\/p>\n\n\n\n<p>Einige konventionelle Softwarepakete, die ich selbst f\u00fcr Windows entwickelt habe, betreibe ich unter dem Windows API f\u00fcr Linux, genannt <a href=\"https:\/\/www.winehq.org\/\">Wine<\/a>. Immer wieder mal funktioniert propriet\u00e4re Software nicht auf Anhieb unter Wine, aber ich kann Wine als Beratungsleistung so anpassen, dass Ihre existierende Software von fremden Anbietern ohne Windows unter Linux betrieben werden kann.<\/p>\n\n\n\n<p><\/p>\n\n\n\n<p><\/p>\n\n\n\n<p><\/p>\n","protected":false},"excerpt":{"rendered":"<p>Open Source Software Bei der Software-Entwicklung kommt heute in der Regel auch Open Source Software-Komponenten zum Einsatz, auch unter Windows und MacOS. Das sind Software-Bausteine, die die Entwickler mit Quellcode zur Verf\u00fcgung stellen. H\u00e4ufig kostenlos, aber daher auch ohne Gew\u00e4hrleistung. Dabei sind Lizenzbedingungen zu beachten und jemand muss die Anpassung und Pflege \u00fcbernehmen. Es ist [&hellip;]<\/p>\n","protected":false},"author":1,"featured_media":872,"parent":0,"menu_order":0,"comment_status":"closed","ping_status":"closed","template":"","meta":{"footnotes":""},"class_list":["post-828","page","type-page","status-publish","has-post-thumbnail","hentry"],"_links":{"self":[{"href":"http:\/\/r25.herdsoft\/cms\/wp-json\/wp\/v2\/pages\/828","targetHints":{"allow":["GET"]}}],"collection":[{"href":"http:\/\/r25.herdsoft\/cms\/wp-json\/wp\/v2\/pages"}],"about":[{"href":"http:\/\/r25.herdsoft\/cms\/wp-json\/wp\/v2\/types\/page"}],"author":[{"embeddable":true,"href":"http:\/\/r25.herdsoft\/cms\/wp-json\/wp\/v2\/users\/1"}],"replies":[{"embeddable":true,"href":"http:\/\/r25.herdsoft\/cms\/wp-json\/wp\/v2\/comments?post=828"}],"version-history":[{"count":56,"href":"http:\/\/r25.herdsoft\/cms\/wp-json\/wp\/v2\/pages\/828\/revisions"}],"predecessor-version":[{"id":887,"href":"http:\/\/r25.herdsoft\/cms\/wp-json\/wp\/v2\/pages\/828\/revisions\/887"}],"wp:featuredmedia":[{"embeddable":true,"href":"http:\/\/r25.herdsoft\/cms\/wp-json\/wp\/v2\/media\/872"}],"wp:attachment":[{"href":"http:\/\/r25.herdsoft\/cms\/wp-json\/wp\/v2\/media?parent=828"}],"curies":[{"name":"wp","href":"https:\/\/api.w.org\/{rel}","templated":true}]}}