{"id":738,"date":"2025-07-28T10:44:53","date_gmt":"2025-07-28T08:44:53","guid":{"rendered":"http:\/\/r25.herdsoft\/cms\/?page_id=738"},"modified":"2025-09-06T12:27:30","modified_gmt":"2025-09-06T10:27:30","slug":"referenzkunden","status":"publish","type":"page","link":"http:\/\/r25.herdsoft\/cms\/referenzkunden\/","title":{"rendered":"Referenzkunden"},"content":{"rendered":"\n<h2 class=\"wp-block-heading\">Seit 2006: Mprint<\/h2>\n\n\n\n<p>Die <a href=\"https:\/\/www.mprint.de\/\">MPrint GmbH + CO KG<\/a> in Baiersbronn bietet industrielle Druckmaschinen in Inkjet und Thermotransfer-Technik an. Sie ist damit ein weltweit engagiertes mittelst\u00e4ndisches High-Tech Unternehmen, das von 2006 bis 2025 von 2 auf mehr als 30 Mitarbeiter gewachsen ist.<\/p>\n\n\n\n<p>Viele Mprint Digitaldruckmaschinen basieren auf in Teilen von mir entwickelter Software.<\/p>\n\n\n\n<p>Mprint ist ein gesch\u00e4tzter Auftraggeber wegen der hohen Bereitschaft, technologisches Neuland zu betreten und kundenindividuelle W\u00fcnsche umzusetzen.<\/p>\n\n\n\n<p><a href=\"mailto:mk@mprint.de\">Michael <\/a><a href=\"mailto:michael.morlock@mprint.de\">Morlock<\/a>, Gr\u00fcnder und Gesch\u00e4ftsf\u00fchrer (August. 2025):<\/p>\n\n\n\n<blockquote class=\"wp-block-quote is-layout-flow wp-block-quote-is-layout-flow\">\n<p>&#8222;Auch nach langj\u00e4hriger Zusammenarbeit mit Herrn Herd sind wir doch immer wieder erstaunt, mit welcher Zuverl\u00e4ssigkeit und Qualit\u00e4t Herr Herd die von uns beauftragten Arbeiten abliefert. Dies bezieht sich nicht nur auf die eigentliche Arbeit, sondern insbesondere auch auf die grunds\u00e4tzlich eingehaltenen Liefertermine, als auch auf die im Vorfeld getroffenen Angaben zur Aufwandsabsch\u00e4tzung.<\/p>\n\n\n\n<p>Selbst bei f\u00fcr ihn neuen Aufgabenstellungen hat er sich in k\u00fcrzester Zeit in die Thematiken eingearbeitet und man hat das Gef\u00fchl er h\u00e4tte sein ganzes Leben nichts anderes gemacht.<br>Die Entwicklungsleistungen von Herrn Herd sind ein wesentlicher Bestandteil f\u00fcr den Erfolg unseres Unternehmens.&#8220;<\/p>\n<\/blockquote>\n\n\n\n<p><a href=\"https:\/\/www.xing.com\/profile\/MuhammadFauzy_Dawwara\">Dipl. Ing. Fauzy Dawwara<\/a>, Entwicklungsingenieur PC und SPS-Software (Aug. 2025):<\/p>\n\n\n\n<blockquote class=\"wp-block-quote is-layout-flow wp-block-quote-is-layout-flow\">\n<p>&#8222;Ich bin sehr beeindruckt von der Kompetenz und dem Engagement von Herrn Herd. Dank ihm werden die Firma Ziele schneller erreicht, als ich es mir je ertr\u00e4umt h\u00e4tte.<\/p>\n\n\n\n<p>Seit des Beginns unserer Zusammenarbeit(2016) lerne ich von ihm immer sowohl beruflich als auch pers\u00f6nlich sehr viel.&#8220;<\/p>\n<\/blockquote>\n\n\n\n<h2 class=\"wp-block-heading\">Seit 1996: Sachverst\u00e4ndiger Hoffmann<\/h2>\n\n\n\n<p>Peter Hoffmann war fr\u00fcher Gesch\u00e4ftsf\u00fchrer der Arktos Media GmbH, welche unter Anderem die Software f\u00fcr die Bekannten \u201eTelefonbuch f\u00fcr Deutschland\u201c CDs entwickelt hat.<\/p>\n\n\n\n<p>Peter Hoffmann arbeitet derzeit als <a href=\"https:\/\/www.sv-hoffmann.de\/\">Sachverst\u00e4ndiger<\/a> und als externer Datenschutzbeauftragter.<\/p>\n\n\n\n<p><a href=\"mailto:Peter.Hoffmann@sv-hoffmann.de\">Dipl. \u00d6konom Peter Hoffmann<\/a>, Sachverst\u00e4ndiger:<\/p>\n\n\n\n<blockquote class=\"wp-block-quote is-layout-flow wp-block-quote-is-layout-flow\">\n<p>\u201eDie Zusammenarbeit mit Herrn Herd war \u00fcber alle Jahre hinweg stets hochprofessionell und sehr zuverl\u00e4ssig. Herr Herd ist immer auf dem neuesten Stand der Technik und liefert gelungene und innovative L\u00f6sungen.\u201c<\/p>\n<\/blockquote>\n","protected":false},"excerpt":{"rendered":"<p>Seit 2006: Mprint Die MPrint GmbH + CO KG in Baiersbronn bietet industrielle Druckmaschinen in Inkjet und Thermotransfer-Technik an. Sie ist damit ein weltweit engagiertes mittelst\u00e4ndisches High-Tech Unternehmen, das von 2006 bis 2025 von 2 auf mehr als 30 Mitarbeiter gewachsen ist. Viele Mprint Digitaldruckmaschinen basieren auf in Teilen von mir entwickelter Software. Mprint ist [&hellip;]<\/p>\n","protected":false},"author":1,"featured_media":817,"parent":0,"menu_order":0,"comment_status":"closed","ping_status":"closed","template":"","meta":{"footnotes":""},"class_list":["post-738","page","type-page","status-publish","has-post-thumbnail","hentry"],"_links":{"self":[{"href":"http:\/\/r25.herdsoft\/cms\/wp-json\/wp\/v2\/pages\/738","targetHints":{"allow":["GET"]}}],"collection":[{"href":"http:\/\/r25.herdsoft\/cms\/wp-json\/wp\/v2\/pages"}],"about":[{"href":"http:\/\/r25.herdsoft\/cms\/wp-json\/wp\/v2\/types\/page"}],"author":[{"embeddable":true,"href":"http:\/\/r25.herdsoft\/cms\/wp-json\/wp\/v2\/users\/1"}],"replies":[{"embeddable":true,"href":"http:\/\/r25.herdsoft\/cms\/wp-json\/wp\/v2\/comments?post=738"}],"version-history":[{"count":103,"href":"http:\/\/r25.herdsoft\/cms\/wp-json\/wp\/v2\/pages\/738\/revisions"}],"predecessor-version":[{"id":1218,"href":"http:\/\/r25.herdsoft\/cms\/wp-json\/wp\/v2\/pages\/738\/revisions\/1218"}],"wp:featuredmedia":[{"embeddable":true,"href":"http:\/\/r25.herdsoft\/cms\/wp-json\/wp\/v2\/media\/817"}],"wp:attachment":[{"href":"http:\/\/r25.herdsoft\/cms\/wp-json\/wp\/v2\/media?parent=738"}],"curies":[{"name":"wp","href":"https:\/\/api.w.org\/{rel}","templated":true}]}}