{"id":357,"date":"2025-07-24T10:15:26","date_gmt":"2025-07-24T08:15:26","guid":{"rendered":"http:\/\/r25.herdsoft\/cms\/?page_id=357"},"modified":"2025-08-06T17:36:01","modified_gmt":"2025-08-06T15:36:01","slug":"davinci","status":"publish","type":"page","link":"http:\/\/r25.herdsoft\/cms\/katalog\/davinci\/","title":{"rendered":"Davinci Grafikbibliothek"},"content":{"rendered":"\n<p><em>Davinci 4<\/em> macht es Softwareentwicklern leicht, professionelle Grafikverarbeitung in eigene Anwendungen f\u00fcr Windows, <a href=\"http:\/\/r25.herdsoft\/ti\/winhelpcgi\/winhelpcgi.cgi\/helpfiles\/german\/davinci4.hlp\/id\/ce_intro.html\">Windows CE<\/a>, <a href=\"http:\/\/r25.herdsoft\/ti\/winhelpcgi\/winhelpcgi.cgi\/helpfiles\/german\/davinci4.hlp\/id\/lx_intro.html\">Linux, MacOS X und Solaris<\/a> zu integrieren.<\/p>\n\n\n\n<p><em>Davinci 4<\/em> hilft sowohl beim Importieren und Exportieren von Grafiken in den verschiedenen Dateiformaten, als auch bei der Anzeige, der Analyse und Ver\u00e4nderung von Grafiken. Mit wenigen Zeilen VBS-Code k\u00f6nnen Sie zum Beispiel einen Stapel Papier vom Einzelblatteinzug einscannen, nach Strichcodes absuchen und in mehrseitigen TIFF-Dateien speichern.<\/p>\n\n\n\n<p>Das <a href=\"http:\/\/r25.herdsoft\/ti\/winhelpcgi\/winhelpcgi.cgi\/helpfiles\/german\/davinci4.hlp\/id\/id_lizenzbestimmungen_vollversion.html\">Lizenzmodell<\/a> erlaubt <em>DaVinci 4<\/em> Kunden ohne weitere Kosten eine beliebige Anzahl von Kopien der <em>DaVinci 4<\/em> DLL\/OCX\/VCL Module, auch die <a href=\"http:\/\/r25.herdsoft\/ti\/winhelpcgi\/winhelpcgi.cgi\/helpfiles\/german\/davinci4.hlp\/id\/id_lizenzbestimmungen_preise.html\">Lizenzpreise je Entwickler<\/a> sind moderat.<\/p>\n\n\n\n<h2 class=\"wp-block-heading\"><img loading=\"lazy\" decoding=\"async\" src=\"http:\/\/r25.herdsoft\/img\/davinci4-filemenu.png\" width=\"222\" height=\"229\" alt=\"\">Import und Export<\/h2>\n\n\n\n<p><em>DaVinci 4<\/em> erlaubt Ihrer Anwendung den <a href=\"http:\/\/r25.herdsoft\/ti\/winhelpcgi\/winhelpcgi.cgi\/helpfiles\/german\/davinci4.hlp\/id\/id_import_overview.html\"><strong>Import<\/strong> und <strong>Export<\/strong><\/a> fast aller wichtigen <a href=\"http:\/\/r25.herdsoft\/ti\/winhelpcgi\/winhelpcgi.cgi\/helpfiles\/german\/davinci4.hlp\/id\/id_formate.html\">Dateiformate<\/a> f\u00fcr Grafiken. Dabei unterst\u00fctzt <em>DaVinci 4<\/em> nicht nur die einfachsten Varianten von z.B. TIFF-Dateien, sondern auch Dateien mit besonderen Eigenschaften und Kompressionsmethoden wie z.B. TIFF-Dateien mit <a href=\"http:\/\/r25.herdsoft\/ti\/winhelpcgi\/winhelpcgi.cgi\/helpfiles\/german\/davinci4.hlp\/id\/id_dib48.html\">16 Bit Aufl\u00f6sung je Farbkomponente<\/a> im <a href=\"http:\/\/r25.herdsoft\/ti\/winhelpcgi\/winhelpcgi.cgi\/helpfiles\/german\/davinci4.hlp\/id\/id_cmyk.html\">CMYK<\/a>-Farbraum oder mit JPEG-Kompression.<\/p>\n\n\n\n<p>Mit Ihrer Anwendung tauscht <em>DaVinci 4<\/em> die Bitmap-Grafiken als einen Speicherblock im <a href=\"http:\/\/r25.herdsoft\/ti\/winhelpcgi\/winhelpcgi.cgi\/helpfiles\/german\/davinci4.hlp\/id\/id_dib.html\">DIB<\/a> (Device-Independent-Bitmap) Format aus. Dies ist dieselbe Darstellung wie bei der Daten\u00fcbertragung von Grafiken \u00fcber die Windows Zwischenablage und wird von allen unter Windows \u00fcblichen Entwicklungsumgebungen unterst\u00fctzt.<\/p>\n\n\n\n<p>Leicht k\u00f6nnen Sie auch eine Grafik von einem angeschlossenen <a href=\"http:\/\/r25.herdsoft\/ti\/winhelpcgi\/winhelpcgi.cgi\/helpfiles\/german\/davinci4.hlp\/id\/id_twain.html\">TWAIN<\/a>-f\u00e4higen Scanner oder einer digitalen Kamera holen. Dabei erlaubt <em>DaVinci 4<\/em> auch, programmgesteuert den Einzelblatteinzug zu aktivieren oder ohne weitere R\u00fcckfrage durch das GUI des Scanners zu scannen.<\/p>\n\n\n\n<p>Als zus\u00e4tzliche Funktion kann <em>DaVinci 4<\/em> mit heuristischen Methoden auch den <a href=\"http:\/\/r25.herdsoft\/ti\/winhelpcgi\/winhelpcgi.cgi\/helpfiles\/german\/davinci4.hlp\/id\/id_dibestimateangle.html\">Drehwinkel einer schief eingescannten Grafik erraten<\/a> und diese geradedrehen. Ebenso kann der unbenutzte wei\u00dfe bzw. Schwarze Rand einer Grafik entfernt werden.<\/p>\n\n\n\n<p><em>DaVinci 4<\/em> unterst\u00fctzt aber auch die Darstellung und Bearbeitung von Windows <a href=\"http:\/\/r25.herdsoft\/ti\/winhelpcgi\/winhelpcgi.cgi\/helpfiles\/german\/davinci4.hlp\/id\/id_metafiles.html\">Metafiles<\/a> und <a href=\"http:\/\/r25.herdsoft\/ti\/winhelpcgi\/winhelpcgi.cgi\/helpfiles\/german\/davinci4.hlp\/id\/id_enhmetafiles.html\">Enhanced Metafiles<\/a>.<\/p>\n\n\n\n<h2 class=\"wp-block-heading\"><img loading=\"lazy\" decoding=\"async\" src=\"http:\/\/r25.herdsoft\/katalog\/dxfext.png\" alt=\"Extended DXF Import Screenshot\" width=\"752\" height=\"298\">DXF Import<\/h2>\n\n\n\n<p>Besonders leistungsf\u00e4hig ist der <strong>DXF<\/strong>-Import von <em>DaVinci 4<\/em>. Die <em>DaVinci 4<\/em> Implementierung f\u00fcr dieses schwierige Format kann viele Dateien verarbeiten, an denen andere Implementierungen scheitern.<\/p>\n\n\n\n<ul class=\"wp-block-list\">\n<li>Beeinflussung von <strong>Layern und Stiftdicken,<\/strong> wahlweise durch Anwendung \u00fcber ein API oder durch DaVinci-Eingebauten Dialog ohne Programmieraufwand durch setzen eines Flags. Die in der DXF-Datei enthaltenen Layer k\u00f6nnen aufgelistet und an\/abgeschaltet werden. Die definierten Stiftfarben k\u00f6nnen aufgelistet und einer Stiftbreite zugeordnet werden.<\/li>\n\n\n\n<li>Unterst\u00fctzung des <strong>Weltkoordinatensystems<\/strong>: Aus den Koordinaten aus dem Metafiles kann auf die Weltkoordinate in der DXF-Zeichnung zur\u00fcckgerechnet werden.<br><\/li>\n<\/ul>\n\n\n\n<h2 class=\"wp-block-heading\"><img loading=\"lazy\" decoding=\"async\" src=\"http:\/\/r25.herdsoft\/img\/davinci4-edit.png\" width=\"201\" height=\"111\" alt=\"\">Bildbearbeitung<\/h2>\n\n\n\n<p><em>DaVinci 4<\/em> enth\u00e4lt umfangreiche Funktionen zur <a href=\"http:\/\/r25.herdsoft\/ti\/winhelpcgi\/winhelpcgi.cgi\/helpfiles\/german\/davinci4.hlp\/id\/id_leonardo_referenz.html\">Bildbearbeitung<\/a>. Sie k\u00f6nnen Grafiken <a href=\"http:\/\/r25.herdsoft\/ti\/winhelpcgi\/winhelpcgi.cgi\/helpfiles\/german\/davinci4.hlp\/id\/id_dibrotate.html\">drehen<\/a>, <a href=\"http:\/\/r25.herdsoft\/ti\/winhelpcgi\/winhelpcgi.cgi\/helpfiles\/german\/davinci4.hlp\/id\/id_stretchdib2dibblt.html\">skalieren, spiegeln<\/a> und vieles mehr.<\/p>\n\n\n\n<p>Mit <a href=\"http:\/\/r25.herdsoft\/ti\/winhelpcgi\/winhelpcgi.cgi\/helpfiles\/german\/davinci4.hlp\/id\/id_rwgetdc.html\">RWGetDC<\/a> k\u00f6nnen Sie f\u00fcr eine <a href=\"http:\/\/r25.herdsoft\/ti\/winhelpcgi\/winhelpcgi.cgi\/helpfiles\/german\/davinci4.hlp\/id\/id_dib.html\">DIB<\/a> einen Windows HDC Zeichenkontext anfordern, in den Sie dann mit Windows API-Funktionen wie auf einen Drucker zeichnen k\u00f6nnen.<\/p>\n\n\n\n<p>Diese Funktionen k\u00f6nnen auch mit Grafiken in Sonderformaten wie <a href=\"http:\/\/r25.herdsoft\/ti\/winhelpcgi\/winhelpcgi.cgi\/helpfiles\/german\/davinci4.hlp\/id\/id_cmyk.html\">CMYK<\/a> und <a href=\"http:\/\/r25.herdsoft\/ti\/winhelpcgi\/winhelpcgi.cgi\/helpfiles\/german\/davinci4.hlp\/id\/id_dib48.html\">16 Bit Aufl\u00f6sung je Farbkomponente<\/a> umgehen, die das Windows API gar nicht kennt.<\/p>\n\n\n\n<p>Mit den <a href=\"http:\/\/r25.herdsoft\/ti\/winhelpcgi\/winhelpcgi.cgi\/helpfiles\/german\/davinci4.hlp\/id\/id_rwxxxx.html\">Funktionen zum pixelweisen Zugriff<\/a> k\u00f6nnen Sie direkt und schnell auf jedes Pixel in einer <a href=\"http:\/\/r25.herdsoft\/ti\/winhelpcgi\/winhelpcgi.cgi\/helpfiles\/german\/davinci4.hlp\/id\/id_dib.html\">DIB<\/a> zugreifen.<\/p>\n\n\n\n<h2 class=\"wp-block-heading\"><img loading=\"lazy\" decoding=\"async\" src=\"http:\/\/r25.herdsoft\/img\/davinci4-upce.png\" width=\"266\" height=\"88\" alt=\"\">Strichcodes<\/h2>\n\n\n\n<p><em>DaVinci 4<\/em> kann in Grafiken, zum Beispiel von einem Scanner, <a href=\"http:\/\/r25.herdsoft\/ti\/winhelpcgi\/winhelpcgi.cgi\/helpfiles\/german\/davinci4.hlp\/id\/id_dibdetectbarcode.html\">nach Strichcodes suchen<\/a>. Dabei werden alle wichtigen eindimensionalen Strichcodes unterst\u00fctzt.<\/p>\n\n\n\n<h2 class=\"wp-block-heading\">Ausf\u00fchrliche Dokumentation<\/h2>\n\n\n\n<p>Die <a href=\"http:\/\/r25.herdsoft\/ti\/winhelpcgi\/winhelpcgi.cgi\/helpfiles\/german\/davinci4.hlp\/\">ausf\u00fchrliche Dokumentation<\/a> steht Online zur Einsicht zur Verf\u00fcgung und in den kostenlosen <a href=\"http:\/\/r25.herdsoft\/ftp\/downloads.html#davinci\">Demo-Versionen<\/a> steht sie in den Dateienformaten Html-Help (.chm), WinHelp (.hlp) und PDF zur Verf\u00fcgung.<\/p>\n\n\n\n<p>Es werden <a href=\"http:\/\/r25.herdsoft\/ti\/winhelpcgi\/winhelpcgi.cgi\/helpfiles\/german\/davinci4.hlp\/id\/id_examples.html\">Beispielprogramme<\/a> f\u00fcr C\/C++ (Microsoft Visual Studio \/ mingw32), Delphi, Visual Basic 6 und den Windows Scripting Host mitgeliefert.<\/p>\n\n\n\n<h2 class=\"wp-block-heading\">Besondere St\u00e4rken<\/h2>\n\n\n\n<ul class=\"wp-block-list\">\n<li>Schnelle Grafikkonverter.<\/li>\n\n\n\n<li>Unterst\u00fctzt sowohl Bitmap- als auch Vektorgrafiken.<\/li>\n\n\n\n<li>Besonders schnelle Floyd-Steinberg <a href=\"http:\/\/r25.herdsoft\/ti\/winhelpcgi\/winhelpcgi.cgi\/helpfiles\/german\/davinci4.hlp\/id\/id_ditherto4.html#id_ditherto8\">Ditherfunktionen<\/a>.<\/li>\n\n\n\n<li>Einfache Installation: Nur eine DLL von nur 1MByte Gr\u00f6\u00dfe, keine INI- oder Registrierungseintr\u00e4ge notwendig.<\/li>\n\n\n\n<li>Besonders leistungsf\u00e4hige Implementierung des DXF-Dateiformats.<\/li>\n\n\n\n<li>Datenimport auf Wunsch direkt ins 32-Bit <a href=\"http:\/\/r25.herdsoft\/ti\/winhelpcgi\/winhelpcgi.cgi\/helpfiles\/german\/davinci4.hlp\/id\/id_dib.html\">DIB<\/a>-Format mit hoher Geschwindigkeit.<\/li>\n\n\n\n<li>Deutscher Hersteller.<\/li>\n\n\n\n<li>Unterst\u00fctzt Multipage-TIFF Dateien.<\/li>\n\n\n\n<li>Unterst\u00fctzt CMYK TIFF und JPEG-Dateien incl. Druck von CMYK-Daten auf Postscript-Druckern.<\/li>\n\n\n\n<li>Unterst\u00fctzt RGBA TIFF und PNG-Dateien incl. Alpha-\u00dcberblendfunktion.<\/li>\n\n\n\n<li>Unterst\u00fctzt Grafiken mit <a href=\"http:\/\/r25.herdsoft\/ti\/winhelpcgi\/winhelpcgi.cgi\/helpfiles\/german\/davinci4.hlp\/id\/id_dib48.html\">16 Bit Aufl\u00f6sung je Farbkomponente<\/a> in Datenformaten TIFF und PNG.<\/li>\n\n\n\n<li>Schnelle Routinen zum <a href=\"http:\/\/r25.herdsoft\/ti\/davinci\/dibr9wmw.htm\">pixelweisen bearbeiten<\/a> von Bitmaps.<\/li>\n\n\n\n<li><a href=\"http:\/\/r25.herdsoft\/ti\/winhelpcgi\/winhelpcgi.cgi\/helpfiles\/german\/davinci4.hlp\/id\/id_gamma.html\">Gamma-Korrekturfunktion<\/a> bei der Anzeige von Bitmaps.<\/li>\n\n\n\n<li>Unterst\u00fctzung des JPEG 2000 Dateiformats (Wavelet-Kompression)<\/li>\n\n\n\n<li><a href=\"http:\/\/r25.herdsoft\/ti\/winhelpcgi\/winhelpcgi.cgi\/helpfiles\/german\/davinci4.hlp\/id\/id_64bit.html\">64-Bit Version verf\u00fcgbar<\/a><\/li>\n\n\n\n<li><a href=\"http:\/\/r25.herdsoft\/ti\/winhelpcgi\/winhelpcgi.cgi\/helpfiles\/german\/davinci4.hlp\/id\/ce_intro.html\">Windows CE-Version<\/a> zur Programmierung auf PDAs, Windows Mobile, Pocket PC und Smartphone verf\u00fcgbar<\/li>\n\n\n\n<li><a href=\"http:\/\/r25.herdsoft\/ti\/winhelpcgi\/winhelpcgi.cgi\/helpfiles\/german\/davinci4.hlp\/id\/lx_intro.html\">Linux, MacOS X und Solaris<\/a> Versionen verf\u00fcgbar<\/li>\n\n\n\n<li>Erstellen und Abspielen von MetaFiles unter <a href=\"http:\/\/r25.herdsoft\/ti\/winhelpcgi\/winhelpcgi.cgi\/helpfiles\/german\/davinci4.hlp\/id\/lx_intro.html\">Linux, MacOS X und Solaris<\/a><\/li>\n\n\n\n<li><a href=\"http:\/\/r25.herdsoft\/ti\/winhelpcgi\/winhelpcgi.cgi\/helpfiles\/german\/davinci4.hlp\/id\/id_schnelleinstieg_delphi.html\">Delphi VCL-Komponente<\/a> im Sourcecode auf der Basis der davinci4.dll<\/li>\n\n\n\n<li>Anwender k\u00f6nnen selbst <a href=\"http:\/\/r25.herdsoft\/ti\/winhelpcgi\/winhelpcgi.cgi\/helpfiles\/german\/davinci4.hlp\/id\/id_gettext.html\">\u00dcbersetzungsdateien f\u00fcr beliebige Sprachen<\/a> hinzuf\u00fcgen<\/li>\n<\/ul>\n\n\n\n<h2 class=\"wp-block-heading\">Grafikkonverter zum Importieren und Exportieren von Fremdformaten<\/h2>\n\n\n\n<h3 class=\"wp-block-heading\">Importformate:<\/h3>\n\n\n\n<ul class=\"wp-block-list\">\n<li><strong>Windows .BMP, .DIB<\/strong><br>2, 16, 256 Farben, HighColor, TrueColor, RLE, incl. Windows 95\/NT 4.0\/2000\/XP\/Vista Formate mit BITMAPV4HEADER<\/li>\n\n\n\n<li><strong>OS\/2 Bitmaps<\/strong><br>2, 16, 256 Farben, TrueColor<\/li>\n\n\n\n<li><strong>TIFF 6.0<\/strong><br>2, 16, 256 Farben, TrueColor, Mit LZW\/Fax G3\/G4\/JPEG\/DEFLATE (ZIP) Kompression\/Dekompression, Tiled Images, CMYK und RGBA-Support&#8230;, 16 Bits je Farbwert, MultiPage<\/li>\n\n\n\n<li><strong>GIF<\/strong><br>2, 16, 256 Farben<\/li>\n\n\n\n<li><strong>PCX<\/strong><br>2, 16, 256 Farben, TrueColor<\/li>\n\n\n\n<li><strong>JPG (JPEG)<\/strong><br>TrueColor, auf Wunsch automatisches Dithern auf 256 Farben, CMYK-Unterst\u00fctzung<\/li>\n\n\n\n<li><strong>PNG<\/strong><br>Portable Network Graphics. 16 Bits je Farbwert, RGBA-Support<\/li>\n\n\n\n<li><strong>Windows WMF (Metafile)<\/strong><\/li>\n\n\n\n<li><strong>Windows EMF Enhanced Metafile<\/strong><\/li>\n\n\n\n<li><a href=\"http:\/\/r25.herdsoft\/ti\/winhelpcgi\/winhelpcgi.cgi\/helpfiles\/german\/davinci4.hlp\/id\/id_eps.html\">EPS Encapsulated Postscript<\/a><\/li>\n\n\n\n<li><strong>AutoCAD DXF<\/strong><br>Autocad Drawing Exchange Format<\/li>\n\n\n\n<li><strong><a href=\"http:\/\/r25.herdsoft\/ti\/winhelpcgi\/winhelpcgi.cgi\/helpfiles\/german\/davinci4.hlp\/id\/id_jpeg2000.html\">JPEG-2000<\/a> .jpc, .jp2 und .pgx.<\/strong> Mit Unterst\u00fctzung von Wavelet-Kompression k\u00f6nnen Bilder bei gleicher Bildqualit\u00e4t mit nur ca. 50% der Dateigr\u00f6\u00dfe gespeichert werden, auf Kosten der Kompressions und Dekompressionszeit.<\/li>\n\n\n\n<li><strong>Sun Rasterformat .ras<\/strong><\/li>\n\n\n\n<li><strong>Portable Anymap .pnm, .ppm, .pgm<\/strong><\/li>\n\n\n\n<li>FLT-Filterunterst\u00fctzung<br>Die Nutzung der Import-Filter von Microsoft Word 97 und anderen (HPGL, DXF, CDR, SHG &#8230;) f\u00fcr Ihr Programm ist m\u00f6glich, sofern diese auf dem Anwendungsrechner bereits installiert sind.<\/li>\n<\/ul>\n\n\n\n<h3 class=\"wp-block-heading\">Exportformate:<\/h3>\n\n\n\n<ul class=\"wp-block-list\">\n<li><strong>Windows .BMP, .DIB<\/strong><br>2, 16, 256 Farben, HighColor, TrueColor<\/li>\n\n\n\n<li><strong>TIFF 6.0<\/strong><br>2, 16, 256 Farben, TrueColor, LZW\/Fax G3\/G4\/JPEG\/DEFLATE(ZIP), CMYK und RGBA-Support, Multipage, 16 Bits je Farbwert<\/li>\n\n\n\n<li><strong>JPG (JPEG)<\/strong><br>TrueColor<\/li>\n\n\n\n<li><strong>GIF<\/strong><br>2, 16, 256 Farben<\/li>\n\n\n\n<li><strong>PCX<\/strong><br>2, 16, 256 Farben, TrueColor<\/li>\n\n\n\n<li><strong>PNG<\/strong><br>Portable Network Graphics. 16 Bits je Farbwert, RGBA-Support<\/li>\n\n\n\n<li><strong>Windows WMF<\/strong><\/li>\n\n\n\n<li><strong>Windows EMF Enhanced Metafile<\/strong><\/li>\n\n\n\n<li><strong><a href=\"http:\/\/r25.herdsoft\/ti\/winhelpcgi\/winhelpcgi.cgi\/helpfiles\/german\/davinci4.hlp\/id\/id_jpeg2000.html\">JPEG-2000<\/a> .jpc, .jp2 und .pgx.<\/strong><\/li>\n<\/ul>\n\n\n\n<p>Als Ergebnis des Import-Vorgangs erh\u00e4lt Ihre Applikation, je nach Wunsch, ein Handle HGLOBAL f\u00fcr einen globalen Speicherblock im CF_DIB-Datenformat oder ein Handle HMETAFILE f\u00fcr einen Windows Metafile bzw. HENHMETAFILE f\u00fcr Enhanced MetaFile. Entsprechende Routinen zur weiteren Verarbeitung dieser Handles stehen zur Verf\u00fcgung.<\/p>\n\n\n\n<p><em>DaVinci<\/em> f\u00fchrt auf Wunsch selbst alle n\u00f6tigen Anwenderdialoge aus (Dateinamen &#8230; Datei existiert bereits &#8230; Fehlermeldungen &#8230;). Wenn ein Programm nur Metafiles oder nur Bitmaps handhaben kann, wird die Konvertierung ins \/ vom jeweils anderen Format auf Wunsch automatisch durchgef\u00fchrt.<\/p>\n\n\n\n<p>Die Ablaufsteuerung ist ausgesprochen einfach. Nur zwei Routinen ( <a href=\"http:\/\/r25.herdsoft\/ti\/winhelpcgi\/winhelpcgi.cgi\/helpfiles\/german\/davinci4.hlp\/id\/id_ipimportind.html\">ipImportInd<\/a> und <a href=\"http:\/\/r25.herdsoft\/ti\/winhelpcgi\/winhelpcgi.cgi\/helpfiles\/german\/davinci4.hlp\/id\/id_ipexportind.html\">ipExportInd<\/a> gen\u00fcgen, um s\u00e4mtliche \u00fcblichen Arbeiten auszuf\u00fchren. W\u00e4hrend der Wartezeit wird auf Wunsch ein Fortschrittsanzeige-Balken angezeigt.<\/p>\n\n\n\n<h2 class=\"wp-block-heading\">Transformationsfunktionen<\/h2>\n\n\n\n<ul class=\"wp-block-list\">\n<li>Dithern von DIBs mit 4, 8, 16, 24 oder 32 Bit Farbtiefe auf 1 Bit Farbtiefe (Floyd-Steinberg-Verfahren in sehr schneller Implementierung).<\/li>\n\n\n\n<li>Dithern von DIBs mit 8, 16, 24 oder 32 Bit Farbtiefe auf 4 Bit Farbtiefe (Floyd-Steinberg-Verfahren in sehr schneller Implementierung).<\/li>\n\n\n\n<li>Dithern von DIBs mit 16,32 oder 24 Bit Farbtiefe auf 8 Bit Farbtiefe (Floyd-Steinberg-Verfahren in sehr schneller Implementierung).<\/li>\n\n\n\n<li>Schnelles Konvertieren von DIBs beliebiger Farbtiefe in DIBs mit 32-Bit Farbtiefe.<\/li>\n\n\n\n<li>Drehen von DIBs um beliebige Winkel, in 1\/1000 Grad Schritten.<\/li>\n\n\n\n<li>Drehen von Metafiles und Enhanced MetaFiles um 90,-90 und 180\u00b0.<\/li>\n\n\n\n<li>Stauchen\/Dehnen ohne Verwendung des Windows GDI.<\/li>\n\n\n\n<li>SplineLine-Funktion zieht Kurven anhand von St\u00fctzpunkten.<\/li>\n\n\n\n<li>Gamma-Korrektur.<\/li>\n<\/ul>\n\n\n\n<h2 class=\"wp-block-heading\">Filterfunktionen<\/h2>\n\n\n\n<ul class=\"wp-block-list\">\n<li>Allgemeine Filterung mit Matrixmultiplikation (f\u00fcr Effekte wie Weichzeichnen, Scharfzeichne, Helligkeit, Kontrast uvm.).<\/li>\n\n\n\n<li>Allgemeine DIB-Transformationsunterst\u00fctzung \u00fcberf\u00fchrt eine Quell-Dib in eine Ziel-DIB mit Beeinflussung von Farbtiefe, Koordinatentransformation und Farbtransformation durch Callback-Funktionen.<\/li>\n\n\n\n<li>ScaleToGray-Funktion erreicht hervorragende Darstellungsqualit\u00e4t beim Verkleinern von Grafiken durch Erh\u00f6hen der Farbtiefe (Anti-Aliasing).<\/li>\n\n\n\n<li>Scharf\/Weichzeichnen.<\/li>\n\n\n\n<li>Umwandlung in schwarz-wei\u00df.<\/li>\n<\/ul>\n\n\n\n<h2 class=\"wp-block-heading\">TWAIN-Scannerunterst\u00fctzung<\/h2>\n\n\n\n<ul class=\"wp-block-list\">\n<li>TWAIN Scanner-Unterst\u00fctzung erlaubt das Ansprechen von TWAIN-kompatiblen Flachbettscanner, digitalen Kameras etc. aus dem Anwendungsprogramm.<\/li>\n\n\n\n<li>Die TWAIN-Unterst\u00fctzung wird ohne Ihr Zutun dynamisch gebunden. Ihr Programm l\u00e4uft automatisch, auch wenn kein TWAIN-kompatibler Scanner installiert ist.<\/li>\n\n\n\n<li>Benutzung des TWAIN-Scanners ohne Interaktion mit dem Scannertreiber m\u00f6glich.<\/li>\n\n\n\n<li>Vorwahl des Scanausschnitts, Farbtiefe und Aktivieren Des automatischen Dokumenteinzugs (ADF)<\/li>\n<\/ul>\n\n\n\n<h2 class=\"wp-block-heading\">Windows-API-Helferfunktionen<\/h2>\n\n\n\n<ul class=\"wp-block-list\">\n<li>Bitmap aus DIB *) erstellen.<\/li>\n\n\n\n<li>Farbpalette aus DIB *) erstellen.<\/li>\n\n\n\n<li>DIB Ausgabe wie BitBlt \/ StretchBitBlt.<\/li>\n\n\n\n<li>Speichern\/Laden von DIB *) in\/aus Dateien.<\/li>\n\n\n\n<li>Laden von DIB *) aus Ressourcen, um Grafiken mit 256 Farben zu unterst\u00fctzen.<\/li>\n\n\n\n<li>DIB aus Bitmap und Farbpalette erstellen.<\/li>\n<\/ul>\n\n\n\n<h2 class=\"wp-block-heading\">CMYK-Unterst\u00fctzung<\/h2>\n\n\n\n<ul class=\"wp-block-list\">\n<li>Import von CMYK-Daten aus TIFF, JPEG und BMP, Export als TIFF oder BMP.<\/li>\n\n\n\n<li>Umwandlung von CMYK-Bitmaps in RGB-Bitmaps.<\/li>\n\n\n\n<li>Transformationsfunktionen (Scharfzeichnen, Drehen, Gamma-Korrektur usw.).<\/li>\n\n\n\n<li>Drucken von CMYK-Daten auf PostScript-Druckern ohne Qualit\u00e4tsverlust.<\/li>\n\n\n\n<li>Pixelweise Bearbeitung von CMYK-Bitmaps mit CMYK oder RGB-Daten.<\/li>\n\n\n\n<li>Kopierfunktion zwischen RGB und CMYK-Bitmaps (StretchBlt).<\/li>\n\n\n\n<li>Imagine-Fensterklasse abstrahiert die Anwendung von den Detailproblemen.<\/li>\n<\/ul>\n\n\n\n<h2 class=\"wp-block-heading\">Strichcode-Erkennung<\/h2>\n\n\n\n<ul class=\"wp-block-list\">\n<li>EAN-13, EAN-13 mit Addon EAN-5, EAN-13 mit Addon EAN-2, EAN-8<\/li>\n\n\n\n<li>UPC-A, UPC-E<\/li>\n\n\n\n<li>2 aus 5 Interleaved. Leitcode und Identcode der deutschen Post<\/li>\n\n\n\n<li>Code 93, Code 93 Extended<\/li>\n\n\n\n<li>Code 39, Code 39 Extended, Code PZN (Pharma Zentral Nummer)<\/li>\n\n\n\n<li>EAN-128, Code 128<\/li>\n<\/ul>\n\n\n\n<h2 class=\"wp-block-heading\">Demonstrationsfassungen<\/h2>\n\n\n\n<figure class=\"wp-block-table\"><table class=\"has-fixed-layout\"><tbody><tr><th>Download(4000KB):<\/th><td><a href=\"https:\/\/www.herdsoft.com\/ftp\/downloads.html#davinci\">https:\/\/www.herdsoft.com\/ftp\/downloads.html#davinci<\/a><\/td><\/tr><tr><th>Preis Standard Version:<\/th><td>79 EURO incl. Mwst. (32 Bit)<\/td><\/tr><tr><th>Preis <a href=\"http:\/\/r25.herdsoft\/ti\/winhelpcgi\/winhelpcgi.cgi\/helpfiles\/german\/davinci4.hlp\/id\/id_pro.html\">Professional<\/a>:<\/th><td>449 EURO incl. Mwst. (32 Bit)<br>449 EURO incl. Mwst. (64 Bit)<\/td><\/tr><tr><th>Dokumentation im Internet:<\/th><td><a href=\"https:\/\/www.herdsoft.com\/ti\/winhelpcgi\/winhelpcgi.cgi\/helpfiles\/german\/davinci4.hlp\/\">https:\/\/www.herdsoft.com\/ti\/winhelpcgi\/winhelpcgi.cgi\/helpfiles\/german\/davinci4.hlp\/<\/a><\/td><\/tr><tr><th>Aktuelle Liste der behobenen Fehler:<\/th><td><a href=\"https:\/\/www.herdsoft.com\/ti\/davincie\/buglist.txt\">https:\/\/www.herdsoft.com\/ti\/davincie\/buglist.txt<\/a><\/td><\/tr><\/tbody><\/table><\/figure>\n\n\n\n<h2 class=\"wp-block-heading\">Update-Preise<\/h2>\n\n\n\n<p><em>DaVinci 4<\/em> ist der Nachfolger unserer erfolgreichen <em>DaVinci 3<\/em> Bibliothek. F\u00fcr Kunden, die eine Lizenz von <em>DaVinci 3<\/em> 16- oder 32-Bit erworben haben, gelten folgende Update-Preise auf <em>DaVinci 4<\/em> 32-Bit:<\/p>\n\n\n\n<ul class=\"wp-block-list\">\n<li>Kunden, die DaVinci 3 nach dem <strong>1. Mai 2004<\/strong> gekauft haben: Update gegen Versandkostenpauschale. Anerkennung der neuen Lizenzbedingungen erforderlich.<\/li>\n\n\n\n<li>Kunden, die DaVinci 3 nach dem <strong>1. Januar 2004<\/strong> gekauft haben: 10 % des Lizenzpreises.<\/li>\n\n\n\n<li>Kunden, die DaVinci 3 nach dem <strong>1. Januar 2003<\/strong> gekauft haben: 25 % des Lizenzpreises.<\/li>\n\n\n\n<li>Alle anderen Kunden: <strong>50 % des Lizenzpreises.<\/strong><\/li>\n<\/ul>\n\n\n\n<p>Updates von <em>DaVinci 3<\/em> Standard k\u00f6nnen nur auf <em>DaVinci 4<\/em> Standard erfolgen, also nicht auf Professional. Updates von <em>DaVinci 3<\/em> auf <em>DaVinci 4 64-Bit<\/em> sind nicht vorgesehen.<\/p>\n\n\n\n<p>Bitte schicken Sie Ihre Update-Anforderung schriftlich (d.h. Per Brief, Fax oder E-Mail) formlos an uns mit Angabe:<\/p>\n\n\n\n<ul class=\"wp-block-list\">\n<li>Der Rechnungsnummer mit der Sie <em>DaVinci 3<\/em> gekauft haben.<\/li>\n\n\n\n<li>Der Lieferadresse.<\/li>\n\n\n\n<li>Der Adresse auf der Rechnung (Als Mi\u00dfbrauchs-Schutz vor Neunmalklugen<\/li>\n\n\n\n<li>Ob Sie eine Lieferung per E-Mail oder als CD bevorzugen<\/li>\n<\/ul>\n\n\n\n<h2 class=\"wp-block-heading\">Siehe auch<\/h2>\n\n\n\n<ul class=\"wp-block-list\">\n<li><a href=\"http:\/\/r25.herdsoft\/ti\/davinci4\/examples\/\">Online Beispielprogramme<\/a><\/li>\n\n\n\n<li><a href=\"http:\/\/r25.herdsoft\/ti\/davinci4\/examples\/barcodecgi.cgi\">Online Barcode Recognition<\/a> Beispielprogramm zu <a href=\"http:\/\/r25.herdsoft\/ti\/winhelpcgi\/winhelpcgi.cgi\/helpfiles\/german\/davinci4.hlp\/id\/id_dibdetectbarcode.html\">DIBDetectBarCode<\/a> sucht nach Strichcodes in hochgeladenen Grafikdateien.<\/li>\n\n\n\n<li><a href=\"http:\/\/r25.herdsoft\/katalog\/barvis.html\">BarVision Bibliothek zum Drucken von Strichcodes<\/a><\/li>\n\n\n\n<li><a href=\"http:\/\/www.wxwidgets.org\/\">wxWidgets Open Source Klassenbibliothek zur plattform\u00fcbergreifenden Programmierung<\/a><\/li>\n\n\n\n<li><a href=\"http:\/\/www.libtiff.org\/\">libtiff Open Source Bibliothek f\u00fcr den Low-Level Zugriff auf TIFF-Dateien<\/a><\/li>\n\n\n\n<li><a href=\"http:\/\/www.ijg.org\/\">libjpeg Open Source Bibliothek der Independent JPEG Group f\u00fcr den Low-Level Zugriff auf JPEG-Dateien<\/a><\/li>\n\n\n\n<li><a href=\"http:\/\/www.libpng.org\/\">libpng Open Source Bibliothek f\u00fcr den Low-Level Zugriff auf PNG-Dateien<\/a><\/li>\n\n\n\n<li><a href=\"http:\/\/www.ece.uvic.ca\/~mdadams\/jasper\/\">Jasper Open Source Bibliothek zum Zugriff JPEG 2000Dateien<\/a><\/li>\n\n\n\n<li><a href=\"http:\/\/www.opendwg.org\/\">Opendwg Bibliothek zum Zugriff auf AutoCAD .DWG Dateien<\/a> (das ist das undokumentierte interne Dateiformat von AutoCAD, das nicht f\u00fcr den Austausch mit anderen Anwendungen gedacht ist).<\/li>\n<\/ul>\n","protected":false},"excerpt":{"rendered":"<p>Davinci 4 macht es Softwareentwicklern leicht, professionelle Grafikverarbeitung in eigene Anwendungen f\u00fcr Windows, Windows CE, Linux, MacOS X und Solaris zu integrieren. Davinci 4 hilft sowohl beim Importieren und Exportieren von Grafiken in den verschiedenen Dateiformaten, als auch bei der Anzeige, der Analyse und Ver\u00e4nderung von Grafiken. Mit wenigen Zeilen VBS-Code k\u00f6nnen Sie zum Beispiel [&hellip;]<\/p>\n","protected":false},"author":1,"featured_media":359,"parent":325,"menu_order":0,"comment_status":"closed","ping_status":"closed","template":"","meta":{"footnotes":""},"class_list":["post-357","page","type-page","status-publish","has-post-thumbnail","hentry"],"_links":{"self":[{"href":"http:\/\/r25.herdsoft\/cms\/wp-json\/wp\/v2\/pages\/357","targetHints":{"allow":["GET"]}}],"collection":[{"href":"http:\/\/r25.herdsoft\/cms\/wp-json\/wp\/v2\/pages"}],"about":[{"href":"http:\/\/r25.herdsoft\/cms\/wp-json\/wp\/v2\/types\/page"}],"author":[{"embeddable":true,"href":"http:\/\/r25.herdsoft\/cms\/wp-json\/wp\/v2\/users\/1"}],"replies":[{"embeddable":true,"href":"http:\/\/r25.herdsoft\/cms\/wp-json\/wp\/v2\/comments?post=357"}],"version-history":[{"count":9,"href":"http:\/\/r25.herdsoft\/cms\/wp-json\/wp\/v2\/pages\/357\/revisions"}],"predecessor-version":[{"id":1001,"href":"http:\/\/r25.herdsoft\/cms\/wp-json\/wp\/v2\/pages\/357\/revisions\/1001"}],"up":[{"embeddable":true,"href":"http:\/\/r25.herdsoft\/cms\/wp-json\/wp\/v2\/pages\/325"}],"wp:featuredmedia":[{"embeddable":true,"href":"http:\/\/r25.herdsoft\/cms\/wp-json\/wp\/v2\/media\/359"}],"wp:attachment":[{"href":"http:\/\/r25.herdsoft\/cms\/wp-json\/wp\/v2\/media?parent=357"}],"curies":[{"name":"wp","href":"https:\/\/api.w.org\/{rel}","templated":true}]}}