{"id":13,"date":"2025-07-23T13:03:11","date_gmt":"2025-07-23T11:03:11","guid":{"rendered":"http:\/\/r25.herdsoft\/cms\/?page_id=13"},"modified":"2025-09-06T12:26:16","modified_gmt":"2025-09-06T10:26:16","slug":"willkommen","status":"publish","type":"page","link":"http:\/\/r25.herdsoft\/cms\/","title":{"rendered":"Willkommen"},"content":{"rendered":"\n<div class=\"wp-block-columns alignwide is-layout-flex wp-container-core-columns-is-layout-66fad18a wp-block-columns-is-layout-flex\">\n<div class=\"wp-block-column is-layout-flow wp-block-column-is-layout-flow\" style=\"padding-right:var(--wp--preset--spacing--50);flex-basis:45%\">\n<figure class=\"wp-block-image size-full\"><img loading=\"lazy\" decoding=\"async\" width=\"750\" height=\"1000\" src=\"http:\/\/r25.herdsoft\/cms\/wp-content\/uploads\/2025\/07\/Bernd-Herd.jpg\" alt=\"\" class=\"wp-image-18\" srcset=\"http:\/\/r25.herdsoft\/cms\/wp-content\/uploads\/2025\/07\/Bernd-Herd.jpg 750w, http:\/\/r25.herdsoft\/cms\/wp-content\/uploads\/2025\/07\/Bernd-Herd-225x300.jpg 225w\" sizes=\"auto, (max-width: 750px) 100vw, 750px\" \/><\/figure>\n\n\n\n<div class=\"wp-block-group has-global-padding is-layout-constrained wp-block-group-is-layout-constrained\" style=\"margin-top:-12vw\">\n<figure class=\"wp-block-image alignright size-full is-resized\" style=\"margin-right:-5vw;margin-left:-5vw\"><img loading=\"lazy\" decoding=\"async\" width=\"640\" height=\"480\" src=\"http:\/\/r25.herdsoft\/cms\/wp-content\/uploads\/2025\/07\/bernd_herd_fahrrad-1.jpg\" alt=\"\" class=\"wp-image-897\" style=\"width:271px;height:auto\" srcset=\"http:\/\/r25.herdsoft\/cms\/wp-content\/uploads\/2025\/07\/bernd_herd_fahrrad-1.jpg 640w, http:\/\/r25.herdsoft\/cms\/wp-content\/uploads\/2025\/07\/bernd_herd_fahrrad-1-300x225.jpg 300w\" sizes=\"auto, (max-width: 640px) 100vw, 640px\" \/><\/figure>\n<\/div>\n<\/div>\n\n\n\n<div class=\"wp-block-column is-vertically-aligned-center is-layout-flow wp-block-column-is-layout-flow\" style=\"padding-right:0;padding-left:0;flex-basis:50%\">\n<div class=\"wp-block-group is-vertical is-layout-flex wp-container-core-group-is-layout-fe9cc265 wp-block-group-is-layout-flex\">\n<h2 class=\"wp-block-heading is-style-text-annotation is-style-text-annotation--1\">\u00dcber mich<\/h2>\n<\/div>\n\n\n\n<p class=\"is-style-text-subtitle is-style-text-subtitle--2\">Ich bin als Elektroingenieur ausgebildet und als Software- und Hardwareentwickler selbst\u00e4ndig.<\/p>\n\n\n\n<p class=\"is-style-text-subtitle is-style-text-subtitle--3\">Ich entwickle Software im Kundenauftrag, gerne mit elektrotechnischem Bezug einschlie\u00dflich Entwicklung kundenspezifischer Hardware, Firmware, Ger\u00e4tetreiber, SPS-Entwicklung und Bedieneroberfl\u00e4che.<\/p>\n<\/div>\n<\/div>\n\n\n\n<div class=\"wp-block-group alignfull has-global-padding is-layout-constrained wp-container-core-group-is-layout-ebee8dc1 wp-block-group-is-layout-constrained\" style=\"margin-top:0;margin-bottom:0;padding-top:var(--wp--preset--spacing--50);padding-bottom:var(--wp--preset--spacing--50)\">\n<h2 class=\"wp-block-heading alignwide\">Meine Dienstleistungen<\/h2>\n\n\n\n<div class=\"wp-block-columns alignwide is-layout-flex wp-container-core-columns-is-layout-28f84493 wp-block-columns-is-layout-flex\">\n<div class=\"wp-block-column is-layout-flow wp-block-column-is-layout-flow\">\n<figure class=\"wp-block-image size-full\" style=\"margin-bottom:24px\"><a href=\"\/cms\/hardware-entwicklung\/\"><img loading=\"lazy\" decoding=\"async\" width=\"942\" height=\"772\" src=\"http:\/\/r25.herdsoft\/cms\/wp-content\/uploads\/2025\/07\/atmel.jpg\" alt=\"\" class=\"wp-image-26\" style=\"aspect-ratio:4\/3;object-fit:cover\" srcset=\"http:\/\/r25.herdsoft\/cms\/wp-content\/uploads\/2025\/07\/atmel.jpg 942w, http:\/\/r25.herdsoft\/cms\/wp-content\/uploads\/2025\/07\/atmel-300x246.jpg 300w, http:\/\/r25.herdsoft\/cms\/wp-content\/uploads\/2025\/07\/atmel-768x629.jpg 768w\" sizes=\"auto, (max-width: 942px) 100vw, 942px\" \/><\/a><\/figure>\n\n\n\n<h3 class=\"wp-block-heading\"><a href=\"\/cms\/hardware-entwicklung\/\">Hardware<\/a><\/h3>\n\n\n\n<p class=\"has-medium-font-size\">Gemeinsam mit Partner\u00adfirmen entwickle und fertige ich Elektronik im Kundenauftrag f\u00fcr industrielle Steuerungsprozesse.<\/p>\n<\/div>\n\n\n\n<div class=\"wp-block-column is-layout-flow wp-block-column-is-layout-flow\">\n<figure class=\"wp-block-image size-full\" style=\"margin-bottom:24px\"><a href=\"\/cms\/firmware\/\"><img loading=\"lazy\" decoding=\"async\" width=\"1140\" height=\"563\" src=\"http:\/\/r25.herdsoft\/cms\/wp-content\/uploads\/2025\/07\/vivado.png\" alt=\"Symbolbild FPGA-Entwicklung\" class=\"wp-image-31\" style=\"aspect-ratio:4\/3;object-fit:cover\" srcset=\"http:\/\/r25.herdsoft\/cms\/wp-content\/uploads\/2025\/07\/vivado.png 1140w, http:\/\/r25.herdsoft\/cms\/wp-content\/uploads\/2025\/07\/vivado-300x148.png 300w, http:\/\/r25.herdsoft\/cms\/wp-content\/uploads\/2025\/07\/vivado-1024x506.png 1024w, http:\/\/r25.herdsoft\/cms\/wp-content\/uploads\/2025\/07\/vivado-768x379.png 768w\" sizes=\"auto, (max-width: 1140px) 100vw, 1140px\" \/><\/a><\/figure>\n\n\n\n<h3 class=\"wp-block-heading\"><a href=\"\/cms\/firmware\/\" data-type=\"page\" data-id=\"185\">Firmware<\/a><\/h3>\n\n\n\n<p class=\"has-medium-font-size\">Entwicklung von Firmware und FPGA-Konfigurationen f\u00fcr Mikrocontroller und Xilinx FPGAs.<\/p>\n<\/div>\n\n\n\n<div class=\"wp-block-column is-layout-flow wp-block-column-is-layout-flow\">\n<figure class=\"wp-block-image size-full\" style=\"margin-bottom:24px\"><a href=\"\/cms\/pc-software\/\"><img loading=\"lazy\" decoding=\"async\" width=\"1774\" height=\"1113\" src=\"http:\/\/r25.herdsoft\/cms\/wp-content\/uploads\/2025\/07\/lp2000i.png\" alt=\"Symbolbild PC-Software\" class=\"wp-image-33\" style=\"aspect-ratio:4\/3;object-fit:cover\" srcset=\"http:\/\/r25.herdsoft\/cms\/wp-content\/uploads\/2025\/07\/lp2000i.png 1774w, http:\/\/r25.herdsoft\/cms\/wp-content\/uploads\/2025\/07\/lp2000i-300x188.png 300w, http:\/\/r25.herdsoft\/cms\/wp-content\/uploads\/2025\/07\/lp2000i-1024x642.png 1024w, http:\/\/r25.herdsoft\/cms\/wp-content\/uploads\/2025\/07\/lp2000i-768x482.png 768w, http:\/\/r25.herdsoft\/cms\/wp-content\/uploads\/2025\/07\/lp2000i-1536x964.png 1536w\" sizes=\"auto, (max-width: 1774px) 100vw, 1774px\" \/><\/a><\/figure>\n\n\n\n<h3 class=\"wp-block-heading\"><a href=\"\/cms\/pc-software\/\" data-type=\"page\" data-id=\"228\">PC-Software<\/a><\/h3>\n\n\n\n<p class=\"has-medium-font-size\">Entwicklung von anspruchs\u00advoller Software f\u00fcr PCs unter Windows und Linux.<\/p>\n<\/div>\n<\/div>\n\n\n\n<div class=\"wp-block-columns alignwide is-layout-flex wp-container-core-columns-is-layout-28f84493 wp-block-columns-is-layout-flex\">\n<div class=\"wp-block-column is-layout-flow wp-block-column-is-layout-flow\">\n<figure class=\"wp-block-image size-full\" style=\"margin-bottom:24px\"><a href=\"\/cms\/sps-entwicklung\/\"><img loading=\"lazy\" decoding=\"async\" width=\"1150\" height=\"827\" src=\"http:\/\/r25.herdsoft\/cms\/wp-content\/uploads\/2025\/07\/plc.jpg\" alt=\"Symbolbild SPS\" class=\"wp-image-38\" style=\"aspect-ratio:4\/3;object-fit:cover\" srcset=\"http:\/\/r25.herdsoft\/cms\/wp-content\/uploads\/2025\/07\/plc.jpg 1150w, http:\/\/r25.herdsoft\/cms\/wp-content\/uploads\/2025\/07\/plc-300x216.jpg 300w, http:\/\/r25.herdsoft\/cms\/wp-content\/uploads\/2025\/07\/plc-1024x736.jpg 1024w, http:\/\/r25.herdsoft\/cms\/wp-content\/uploads\/2025\/07\/plc-768x552.jpg 768w\" sizes=\"auto, (max-width: 1150px) 100vw, 1150px\" \/><\/a><\/figure>\n\n\n\n<h3 class=\"wp-block-heading\"><a href=\"\/cms\/sps-entwicklung\/\" data-type=\"page\" data-id=\"263\">SPS-Software<\/a><\/h3>\n\n\n\n<p class=\"has-medium-font-size\">Maschinen\u00adpro\u00adgramm\u00adier\u00adung mit Speicher\u00adprogrammier\u00adbaren Steuerungen f\u00fcr Kundenmaschinen in Strukturiertem Text nach IEC EN 61131-3.<\/p>\n<\/div>\n\n\n\n<div class=\"wp-block-column is-layout-flow wp-block-column-is-layout-flow\">\n<figure class=\"wp-block-image size-full\" style=\"margin-bottom:24px\"><a href=\"\/cms\/problemanalyse\/\"><img loading=\"lazy\" decoding=\"async\" width=\"1203\" height=\"633\" src=\"http:\/\/r25.herdsoft\/cms\/wp-content\/uploads\/2025\/07\/analyse.png\" alt=\"Symbolbild Datananalyse\" class=\"wp-image-436\" style=\"aspect-ratio:4\/3;object-fit:cover\" srcset=\"http:\/\/r25.herdsoft\/cms\/wp-content\/uploads\/2025\/07\/analyse.png 1203w, http:\/\/r25.herdsoft\/cms\/wp-content\/uploads\/2025\/07\/analyse-300x158.png 300w, http:\/\/r25.herdsoft\/cms\/wp-content\/uploads\/2025\/07\/analyse-1024x539.png 1024w, http:\/\/r25.herdsoft\/cms\/wp-content\/uploads\/2025\/07\/analyse-768x404.png 768w\" sizes=\"auto, (max-width: 1203px) 100vw, 1203px\" \/><\/a><\/figure>\n\n\n\n<h3 class=\"wp-block-heading\"><a href=\"\/cms\/problemanalyse\/\" data-type=\"page\" data-id=\"263\">Problemanalyse<\/a><\/h3>\n\n\n\n<p class=\"has-medium-font-size\">Analyse des Maschinenverhaltens zur Eingrenzung der Ursache von Ungenauigkeiten oder Ausf\u00e4llen.<\/p>\n<\/div>\n\n\n\n<div class=\"wp-block-column is-layout-flow wp-block-column-is-layout-flow\">\n<figure class=\"wp-block-image size-full\" style=\"margin-bottom:24px\"><a href=\"\/cms\/software-beratung\/\"><img loading=\"lazy\" decoding=\"async\" width=\"2560\" height=\"1172\" src=\"http:\/\/r25.herdsoft\/cms\/wp-content\/uploads\/2025\/07\/osi-scaled.png\" alt=\"Logo der Open Source Initiative\" class=\"wp-image-872\" style=\"aspect-ratio:4\/3;object-fit:cover\" srcset=\"http:\/\/r25.herdsoft\/cms\/wp-content\/uploads\/2025\/07\/osi-scaled.png 2560w, http:\/\/r25.herdsoft\/cms\/wp-content\/uploads\/2025\/07\/osi-300x137.png 300w, http:\/\/r25.herdsoft\/cms\/wp-content\/uploads\/2025\/07\/osi-1024x469.png 1024w, http:\/\/r25.herdsoft\/cms\/wp-content\/uploads\/2025\/07\/osi-768x352.png 768w, http:\/\/r25.herdsoft\/cms\/wp-content\/uploads\/2025\/07\/osi-1536x703.png 1536w, http:\/\/r25.herdsoft\/cms\/wp-content\/uploads\/2025\/07\/osi-2048x937.png 2048w\" sizes=\"auto, (max-width: 2560px) 100vw, 2560px\" \/><\/a><\/figure>\n\n\n\n<h3 class=\"wp-block-heading\"><a href=\"\/cms\/software-beratung\/\" data-type=\"page\" data-id=\"828\">Software Beratung<\/a><\/h3>\n\n\n\n<p class=\"has-medium-font-size\">Beratung f\u00fcr Software-Entwicklung und Einsatz. Insbesondere Open Source Software.<\/p>\n<\/div>\n<\/div>\n<\/div>\n\n\n\n<div class=\"wp-block-group alignfull has-global-padding is-layout-constrained wp-block-group-is-layout-constrained\" style=\"margin-top:0;margin-bottom:0;padding-top:var(--wp--preset--spacing--60);padding-bottom:var(--wp--preset--spacing--60)\">\n<div class=\"wp-block-columns alignwide is-layout-flex wp-container-core-columns-is-layout-74b2cda3 wp-block-columns-is-layout-flex\">\n<div class=\"wp-block-column is-layout-flow wp-block-column-is-layout-flow\">\n<div class=\"wp-block-group is-vertical is-content-justification-left is-layout-flex wp-container-core-group-is-layout-7ce391b6 wp-block-group-is-layout-flex\" style=\"min-height:100%\">\n<h2 class=\"wp-block-heading is-style-text-annotation has-x-small-font-size is-style-text-annotation--4\"><a href=\"\/cms\/referenzkunden\/\" data-type=\"page\" data-id=\"738\">Was Kunden sagen<\/a><\/h2>\n\n\n\n<blockquote class=\"wp-block-quote is-style-plain has-x-large-font-size is-layout-flow wp-container-core-quote-is-layout-5dafc681 wp-block-quote-is-layout-flow is-style-plain--5\" style=\"font-style:normal;font-weight:400\">\n<div class=\"wp-block-group has-global-padding is-content-justification-left is-layout-constrained wp-container-core-group-is-layout-085bd3d9 wp-block-group-is-layout-constrained\" style=\"margin-top:0;margin-bottom:0;padding-top:0;padding-right:0;padding-bottom:0;padding-left:0\">\n<p class=\"has-medium-font-size\"><a href=\"\/cms\/referenzkunden\/\" data-type=\"page\" data-id=\"738\">&#8222;Auch nach langj\u00e4hriger Zusammenarbeit mit Herrn Herd sind wir doch immer wieder erstaunt, mit welcher Zuverl\u00e4ssigkeit und Qualit\u00e4t Herr Herd die von uns beauftragten Arbeiten abliefert. Dies bezieht sich nicht nur auf die eigentliche Arbeit, sondern insbesondere auch auf die grunds\u00e4tzlich eingehaltenen Liefertermine, als auch auf die im Vorfeld getroffenen Angaben zur Aufwandsabsch\u00e4tzung. <\/a><\/p>\n\n\n\n<p class=\"has-medium-font-size\"><a href=\"\/cms\/referenzkunden\/\" data-type=\"page\" data-id=\"738\">Selbst bei f\u00fcr ihn neuen Aufgabenstellungen hat er sich in k\u00fcrzester Zeit in die Thematiken eingearbeitet und man hat das Gef\u00fchl er h\u00e4tte sein ganzes Leben nichts anderes gemacht.<\/a><\/p>\n\n\n\n<p class=\"has-medium-font-size\"><a href=\"\/cms\/referenzkunden\/\" data-type=\"page\" data-id=\"738\">Die Entwicklungsleistungen von Herrn Herd sind ein wesentlicher Bestandteil f\u00fcr den Erfolg unseres Unternehmens.&#8220;<\/a><\/p>\n<\/div>\n<cite><a href=\"\/cms\/referenzkunden\/\" data-type=\"page\" data-id=\"738\">Michael Morlock<br><sub>Gr\u00fcnder und Gesch\u00e4ftsf\u00fchrer Mprint GmbH &amp; Co KG August 2025<\/sub><\/a><\/cite><\/blockquote>\n\n\n\n<p><a href=\"\/cms\/referenzkunden\/\" data-type=\"page\" data-id=\"738\"><img loading=\"lazy\" decoding=\"async\" width=\"250\" height=\"45\" class=\"wp-image-817\" style=\"width: 250px;\" src=\"http:\/\/r25.herdsoft\/cms\/wp-content\/uploads\/2025\/07\/referenzen-1.png\" alt=\"Symbolbild Referenzkunden\" srcset=\"http:\/\/r25.herdsoft\/cms\/wp-content\/uploads\/2025\/07\/referenzen-1.png 457w, http:\/\/r25.herdsoft\/cms\/wp-content\/uploads\/2025\/07\/referenzen-1-300x54.png 300w\" sizes=\"auto, (max-width: 250px) 100vw, 250px\" \/>Referenzkunden<\/a><\/p>\n<\/div>\n<\/div>\n\n\n\n<div class=\"wp-block-column is-layout-flow wp-block-column-is-layout-flow\" style=\"padding-top:0;padding-right:0;padding-bottom:0;padding-left:0\">\n<figure class=\"wp-block-image size-full\"><img loading=\"lazy\" decoding=\"async\" width=\"632\" height=\"612\" src=\"http:\/\/r25.herdsoft\/cms\/wp-content\/uploads\/2025\/08\/mprint.jpg\" alt=\"Testaufbau neue Platine\" class=\"wp-image-1002\" style=\"aspect-ratio:1;object-fit:cover\" srcset=\"http:\/\/r25.herdsoft\/cms\/wp-content\/uploads\/2025\/08\/mprint.jpg 632w, http:\/\/r25.herdsoft\/cms\/wp-content\/uploads\/2025\/08\/mprint-300x291.jpg 300w\" sizes=\"auto, (max-width: 632px) 100vw, 632px\" \/><\/figure>\n<\/div>\n<\/div>\n<\/div>\n\n\n\n<div class=\"wp-block-group alignfull has-global-padding is-layout-constrained wp-block-group-is-layout-constrained\" style=\"margin-top:0;margin-bottom:0;padding-top:var(--wp--preset--spacing--60);padding-bottom:var(--wp--preset--spacing--60)\">\n<p class=\"is-style-text-annotation is-style-text-annotation--6\">Aktuelles<\/p>\n\n\n<ul class=\"wp-block-latest-posts__list has-dates wp-block-latest-posts\"><li><div class=\"wp-block-latest-posts__featured-image alignright\"><img loading=\"lazy\" decoding=\"async\" width=\"150\" height=\"150\" src=\"http:\/\/r25.herdsoft\/cms\/wp-content\/uploads\/2025\/09\/codeberg-150x150.jpg\" class=\"attachment-thumbnail size-thumbnail wp-post-image\" alt=\"Screenshot codeberg\" style=\"\" \/><\/div><a class=\"wp-block-latest-posts__post-title\" href=\"http:\/\/r25.herdsoft\/cms\/2025\/09\/git-repository-auf-codeberg\/\">GIT Repository auf Codeberg<\/a><time datetime=\"2025-09-06T12:40:12+02:00\" class=\"wp-block-latest-posts__post-date\">06.09.2025<\/time><div class=\"wp-block-latest-posts__post-excerpt\">In Zukunft will ich Open Source Quelltexte als GIT Repository auf Codeberg ver\u00f6ffentlichen. Als erstes Projekt habe ich WinhelpCGI online gestellt. Weitere Projekte sollen folgen. Insbesondere plane ich, \u00e4ltere Projekte\u2026\u00a0<a class=\"wp-block-latest-posts__read-more\" href=\"http:\/\/r25.herdsoft\/cms\/2025\/09\/git-repository-auf-codeberg\/\" rel=\"noopener noreferrer\"><span class=\"screen-reader-text\">GIT Repository auf Codeberg <\/span>weiterlesen<\/a><\/div><\/li>\n<li><div class=\"wp-block-latest-posts__featured-image alignright\"><img loading=\"lazy\" decoding=\"async\" width=\"150\" height=\"150\" src=\"http:\/\/r25.herdsoft\/cms\/wp-content\/uploads\/2025\/07\/hlp2rtf-2-150x150.png\" class=\"attachment-thumbnail size-thumbnail wp-post-image\" alt=\"Bildschirmfoto Help to RTF\" style=\"\" \/><\/div><a class=\"wp-block-latest-posts__post-title\" href=\"http:\/\/r25.herdsoft\/cms\/2025\/08\/help-to-rtf-fuer-windows-11\/\">Help to RTF f\u00fcr Windows 11<\/a><time datetime=\"2025-08-26T09:33:21+02:00\" class=\"wp-block-latest-posts__post-date\">26.08.2025<\/time><div class=\"wp-block-latest-posts__post-excerpt\">Help to RTF Version 2.16 l\u00e4uft nun auch m\u00fchelos unter Windows 10 und Windows 11.<\/div><\/li>\n<li><div class=\"wp-block-latest-posts__featured-image alignright\"><img loading=\"lazy\" decoding=\"async\" width=\"150\" height=\"150\" src=\"http:\/\/r25.herdsoft\/cms\/wp-content\/uploads\/2025\/08\/rikscha-150x150.jpg\" class=\"attachment-thumbnail size-thumbnail wp-post-image\" alt=\"Rikscha mit zwei Fahrg\u00e4sten und Fahrer.\" style=\"\" \/><\/div><a class=\"wp-block-latest-posts__post-title\" href=\"http:\/\/r25.herdsoft\/cms\/2025\/08\/rikscha-buchungskalender\/\">Rikscha Buchungskalender<\/a><time datetime=\"2025-08-15T20:35:57+02:00\" class=\"wp-block-latest-posts__post-date\">15.08.2025<\/time><div class=\"wp-block-latest-posts__post-excerpt\">Ich habe ehrenamtlich ein Terminbuchungssytem f\u00fcr die B\u00fcrst\u00e4dter Rikscha basierend auf PHP + Postgresql entwickelt.<\/div><\/li>\n<li><div class=\"wp-block-latest-posts__featured-image alignright\"><img loading=\"lazy\" decoding=\"async\" width=\"150\" height=\"150\" src=\"http:\/\/r25.herdsoft\/cms\/wp-content\/uploads\/2025\/08\/bedenken-second-150x150.jpg\" class=\"attachment-thumbnail size-thumbnail wp-post-image\" alt=\"\" style=\"\" \/><\/div><a class=\"wp-block-latest-posts__post-title\" href=\"http:\/\/r25.herdsoft\/cms\/2025\/08\/bedenken-second-und-die-folgen\/\">&#8222;Bedenken Second&#8220; und die Folgen<\/a><time datetime=\"2025-08-08T22:59:52+02:00\" class=\"wp-block-latest-posts__post-date\">08.08.2025<\/time><div class=\"wp-block-latest-posts__post-excerpt\">Pseudo-Verschl\u00fcsselte E-Mails von \u00c4rzten, Berater die Verschl\u00fcsselung nicht verstehen und Software zum Schw\u00e4rzen von PDFs, die nicht alles schw\u00e4rzt&#8230; Der Digitalisierungs-Hype bringt unangenehme \u00dcberraschungen.\n<\/div><\/li>\n<li><div class=\"wp-block-latest-posts__featured-image alignright\"><img loading=\"lazy\" decoding=\"async\" width=\"150\" height=\"150\" src=\"http:\/\/r25.herdsoft\/cms\/wp-content\/uploads\/2025\/07\/obsolete-150x150.jpg\" class=\"attachment-thumbnail size-thumbnail wp-post-image\" alt=\"Symbolbild veraltet\" style=\"\" \/><\/div><a class=\"wp-block-latest-posts__post-title\" href=\"http:\/\/r25.herdsoft\/cms\/2025\/07\/relaunch\/\">Relaunch<\/a><time datetime=\"2025-07-23T11:58:08+02:00\" class=\"wp-block-latest-posts__post-date\">23.07.2025<\/time><div class=\"wp-block-latest-posts__post-excerpt\">Es ist Zeit f\u00fcr einen komplette Neugestaltung meines Webauftritts. Urspr\u00fcnglich 1996 entwickelt und zuletzt 2004 komplett \u00fcberarbeitet, passte die Struktur nicht mehr zu dem, was seither geschah. Zeit, all die\u2026\u00a0<a class=\"wp-block-latest-posts__read-more\" href=\"http:\/\/r25.herdsoft\/cms\/2025\/07\/relaunch\/\" rel=\"noopener noreferrer\"><span class=\"screen-reader-text\">Relaunch <\/span>weiterlesen<\/a><\/div><\/li>\n<\/ul><\/div>\n\n\n\n<aside class=\"wp-block-group alignfull is-style-section-3 has-global-padding is-layout-constrained wp-container-core-group-is-layout-f0f2a97b wp-block-group-is-layout-constrained is-style-section-3--7\" style=\"margin-top:0;margin-bottom:0;padding-top:var(--wp--preset--spacing--50);padding-right:var(--wp--preset--spacing--50);padding-bottom:var(--wp--preset--spacing--50);padding-left:var(--wp--preset--spacing--50)\">\n<div class=\"wp-block-group is-vertical is-content-justification-center is-layout-flex wp-container-core-group-is-layout-8778ca4a wp-block-group-is-layout-flex\" style=\"min-height:360px;margin-top:0;margin-bottom:0\">\n<h2 class=\"wp-block-heading has-text-align-center has-xx-large-font-size\">Kontaktieren Sie mich f\u00fcr ein pers\u00f6nliches Angebot.<\/h2>\n\n\n\n<p class=\"has-text-align-center is-style-text-subtitle is-style-text-subtitle--8\">Sie erreichen mich per E-Mail, Telefon, Matrix oder Mastodon.<\/p>\n\n\n\n<div style=\"height:0px\" aria-hidden=\"true\" class=\"wp-block-spacer wp-container-content-62aae154\"><\/div>\n\n\n\n<div class=\"wp-block-buttons is-content-justification-center is-layout-flex wp-container-core-buttons-is-layout-a89b3969 wp-block-buttons-is-layout-flex\">\n<div class=\"wp-block-button\"><a class=\"wp-block-button__link has-text-align-center wp-element-button\" href=\"\/cms\/impressum\/\">Kontakt<\/a><\/div>\n<\/div>\n<\/div>\n<\/aside>\n\n\n\n<p><\/p>\n","protected":false},"excerpt":{"rendered":"<p>\u00dcber mich Ich bin als Elektroingenieur ausgebildet und als Software- und Hardwareentwickler selbst\u00e4ndig. Ich entwickle Software im Kundenauftrag, gerne mit elektrotechnischem Bezug einschlie\u00dflich Entwicklung kundenspezifischer Hardware, Firmware, Ger\u00e4tetreiber, SPS-Entwicklung und Bedieneroberfl\u00e4che. Meine Dienstleistungen Hardware Gemeinsam mit Partner\u00adfirmen entwickle und fertige ich Elektronik im Kundenauftrag f\u00fcr industrielle Steuerungsprozesse. Firmware Entwicklung von Firmware und FPGA-Konfigurationen f\u00fcr Mikrocontroller [&hellip;]<\/p>\n","protected":false},"author":1,"featured_media":0,"parent":0,"menu_order":0,"comment_status":"closed","ping_status":"closed","template":"","meta":{"footnotes":""},"class_list":["post-13","page","type-page","status-publish","hentry"],"_links":{"self":[{"href":"http:\/\/r25.herdsoft\/cms\/wp-json\/wp\/v2\/pages\/13","targetHints":{"allow":["GET"]}}],"collection":[{"href":"http:\/\/r25.herdsoft\/cms\/wp-json\/wp\/v2\/pages"}],"about":[{"href":"http:\/\/r25.herdsoft\/cms\/wp-json\/wp\/v2\/types\/page"}],"author":[{"embeddable":true,"href":"http:\/\/r25.herdsoft\/cms\/wp-json\/wp\/v2\/users\/1"}],"replies":[{"embeddable":true,"href":"http:\/\/r25.herdsoft\/cms\/wp-json\/wp\/v2\/comments?post=13"}],"version-history":[{"count":74,"href":"http:\/\/r25.herdsoft\/cms\/wp-json\/wp\/v2\/pages\/13\/revisions"}],"predecessor-version":[{"id":1216,"href":"http:\/\/r25.herdsoft\/cms\/wp-json\/wp\/v2\/pages\/13\/revisions\/1216"}],"wp:attachment":[{"href":"http:\/\/r25.herdsoft\/cms\/wp-json\/wp\/v2\/media?parent=13"}],"curies":[{"name":"wp","href":"https:\/\/api.w.org\/{rel}","templated":true}]}}